{"id":97,"date":"2023-04-23T16:20:00","date_gmt":"2023-04-23T14:20:00","guid":{"rendered":"https:\/\/www.medlwood.cz\/?page_id=97"},"modified":"2024-11-03T23:09:07","modified_gmt":"2024-11-03T22:09:07","slug":"kontakty","status":"publish","type":"page","link":"https:\/\/www.medlwood.cz\/index.php\/kontakty","title":{"rendered":"kontakty"},"content":{"rendered":"\n    \n    <section class=\"u-clearfix u-image u-shading u-section-2\" id=\"sec-8c08\" data-image-width=\"1707\" data-image-height=\"2560\">\n      <div class=\"u-clearfix u-sheet u-sheet-1\">\n        <h2 class=\"u-text u-text-default u-text-1\">KONTAKTY<\/h2>\n      <\/div>\n    <\/section>\n    <section class=\"u-clearfix u-custom-color-7 u-section-3\" id=\"sec-8b39\">\n      <div class=\"u-clearfix u-sheet u-sheet-1\">\n        <div class=\"u-clearfix u-expanded-width u-layout-wrap u-layout-wrap-1\">\n          <div class=\"u-layout\">\n            <div class=\"u-layout-row\">\n              <div class=\"u-align-left u-container-style u-layout-cell u-left-cell u-size-30 u-layout-cell-1\">\n                <div class=\"u-container-layout u-valign-top u-container-layout-1\">\n                  <h2 class=\"u-align-center-sm u-align-center-xs u-text u-text-1\">MedlWood<\/h2>\n                  <div class=\"u-border-1 u-border-palette-3-light-2 u-line u-line-horizontal u-line-1\"><\/div>\n                  <p class=\"u-text u-text-palette-3-light-2 u-text-2\">Luk\u00e1\u0161 Medl\u00edk&nbsp;<br>\n                  <\/p>\n                  <p class=\"u-align-center-sm u-align-center-xs u-text u-text-3\">\n                    <a href=\"mailto:Medlwood@email.cz?subject=Medlwood@email.cz\" class=\"u-active-none u-border-none u-btn u-button-link u-button-style u-hover-none u-none u-text-palette-3-light-2 u-btn-1\">Medlwood@email.cz<\/a>\n                  <\/p>\n                  <p class=\"u-align-center-sm u-align-center-xs u-text u-text-4\">\n                    <a href=\"tel:731 082 466\" class=\"u-active-none u-border-none u-btn u-button-link u-button-style u-hover-none u-none u-text-palette-3-light-2 u-btn-2\">TEL: 731 082 466<\/a>\n                  <\/p>\n                  <p class=\"u-text u-text-palette-3-light-2 u-text-5\">I\u010cO: 01694081 <br>DI\u010c: 9102183893\n                  <\/p>\n                <\/div>\n              <\/div>\n              <div class=\"u-container-style u-layout-cell u-right-cell u-size-30 u-layout-cell-2\">\n                <div class=\"u-container-layout u-container-layout-2\">\n                  <div class=\"u-expanded u-grey-10 u-map\">\n                    <div class=\"embed-responsive\">\n                      <iframe class=\"embed-responsive-item\" src=\"\/\/maps.google.com\/maps?output=embed&amp;q=50.416129%2C%2015.793823&amp;t=m&amp;hl=cs\" data-map=\"JTdCJTIycG9zaXRpb25UeXBlJTIyJTNBJTIybWFwLWFkZHJlc3MlMjIlMkMlMjJhZGRyZXNzJTIyJTNBJTIyNTAuNDE2MTI5JTJDJTIwMTUuNzkzODIzJTIyJTJDJTIyem9vbSUyMiUzQTAlMkMlMjJ0eXBlSWQlMjIlM0ElMjJyb2FkJTIyJTJDJTIybGFuZyUyMiUzQSUyMmNzJTIyJTJDJTIyYXBpS2V5JTIyJTNBbnVsbCUyQyUyMm1hcmtlcnMlMjIlM0ElNUIlNUQlN0Q=\"><\/iframe>\n                    <\/div>\n                  <\/div>\n                <\/div>\n              <\/div>\n            <\/div>\n          <\/div>\n        <\/div>\n      <\/div>\n    <\/section>\n    <section class=\"u-align-left u-clearfix u-custom-color-7 u-section-4\" id=\"sec-ae49\">\n      <div class=\"u-clearfix u-sheet u-sheet-1\"><\/div>\n    <\/section>\n    \n    \n    \n  \n","protected":false},"excerpt":{"rendered":"<p>KONTAKTY MedlWood Luk\u00e1\u0161 Medl\u00edk&nbsp; Medlwood@email.cz TEL: 731 082 466 I\u010cO: 01694081 DI\u010c: 9102183893<\/p>\n","protected":false},"author":1,"featured_media":0,"parent":0,"menu_order":0,"comment_status":"closed","ping_status":"closed","template":"","meta":{"footnotes":""},"class_list":["post-97","page","type-page","status-publish","hentry"],"_links":{"self":[{"href":"https:\/\/www.medlwood.cz\/index.php\/wp-json\/wp\/v2\/pages\/97","targetHints":{"allow":["GET"]}}],"collection":[{"href":"https:\/\/www.medlwood.cz\/index.php\/wp-json\/wp\/v2\/pages"}],"about":[{"href":"https:\/\/www.medlwood.cz\/index.php\/wp-json\/wp\/v2\/types\/page"}],"author":[{"embeddable":true,"href":"https:\/\/www.medlwood.cz\/index.php\/wp-json\/wp\/v2\/users\/1"}],"replies":[{"embeddable":true,"href":"https:\/\/www.medlwood.cz\/index.php\/wp-json\/wp\/v2\/comments?post=97"}],"version-history":[{"count":6,"href":"https:\/\/www.medlwood.cz\/index.php\/wp-json\/wp\/v2\/pages\/97\/revisions"}],"predecessor-version":[{"id":496,"href":"https:\/\/www.medlwood.cz\/index.php\/wp-json\/wp\/v2\/pages\/97\/revisions\/496"}],"wp:attachment":[{"href":"https:\/\/www.medlwood.cz\/index.php\/wp-json\/wp\/v2\/media?parent=97"}],"curies":[{"name":"wp","href":"https:\/\/api.w.org\/{rel}","templated":true}]}}